{"id":426,"date":"2014-11-12T19:58:52","date_gmt":"2014-11-12T18:58:52","guid":{"rendered":"http:\/\/raouaie-cham.com\/web\/fr\/?page_id=426"},"modified":"2015-01-31T22:58:59","modified_gmt":"2015-01-31T21:58:59","slug":"benefique-a-la-force-de-plaquette-sanguine-et-immunitaire","status":"publish","type":"page","link":"https:\/\/raouaie-cham.com\/web\/fr\/?page_id=426","title":{"rendered":"B\u00e9n\u00e9fique \u00e0 la force de plaquette sanguine et immunitaire"},"content":{"rendered":"<p style=\"text-align: center;\">\n\t<img loading=\"lazy\" decoding=\"async\" alt=\"frr26\" class=\"aligncenter size-full wp-image-239\" height=\"600\" src=\"http:\/\/raouaie-cham.com\/web\/fr\/wp-content\/uploads\/2014\/11\/frr26.png\" width=\"600\" srcset=\"https:\/\/raouaie-cham.com\/web\/fr\/wp-content\/uploads\/2014\/11\/frr26.png 600w, https:\/\/raouaie-cham.com\/web\/fr\/wp-content\/uploads\/2014\/11\/frr26-150x150.png 150w, https:\/\/raouaie-cham.com\/web\/fr\/wp-content\/uploads\/2014\/11\/frr26-300x300.png 300w\" sizes=\"auto, (max-width: 600px) 100vw, 600px\" \/><\/p>\n","protected":false},"excerpt":{"rendered":"","protected":false},"author":1,"featured_media":0,"parent":0,"menu_order":9,"comment_status":"closed","ping_status":"closed","template":"","meta":{"footnotes":""},"class_list":["post-426","page","type-page","status-publish","hentry"],"_links":{"self":[{"href":"https:\/\/raouaie-cham.com\/web\/fr\/index.php?rest_route=\/wp\/v2\/pages\/426","targetHints":{"allow":["GET"]}}],"collection":[{"href":"https:\/\/raouaie-cham.com\/web\/fr\/index.php?rest_route=\/wp\/v2\/pages"}],"about":[{"href":"https:\/\/raouaie-cham.com\/web\/fr\/index.php?rest_route=\/wp\/v2\/types\/page"}],"author":[{"embeddable":true,"href":"https:\/\/raouaie-cham.com\/web\/fr\/index.php?rest_route=\/wp\/v2\/users\/1"}],"replies":[{"embeddable":true,"href":"https:\/\/raouaie-cham.com\/web\/fr\/index.php?rest_route=%2Fwp%2Fv2%2Fcomments&post=426"}],"version-history":[{"count":1,"href":"https:\/\/raouaie-cham.com\/web\/fr\/index.php?rest_route=\/wp\/v2\/pages\/426\/revisions"}],"predecessor-version":[{"id":427,"href":"https:\/\/raouaie-cham.com\/web\/fr\/index.php?rest_route=\/wp\/v2\/pages\/426\/revisions\/427"}],"wp:attachment":[{"href":"https:\/\/raouaie-cham.com\/web\/fr\/index.php?rest_route=%2Fwp%2Fv2%2Fmedia&parent=426"}],"curies":[{"name":"wp","href":"https:\/\/api.w.org\/{rel}","templated":true}]}}